{"id":12738,"date":"2025-11-06T19:21:13","date_gmt":"2025-11-06T18:21:13","guid":{"rendered":"https:\/\/osowski-violins.com\/impressum\/"},"modified":"2025-11-06T19:21:15","modified_gmt":"2025-11-06T18:21:15","slug":"impressum","status":"publish","type":"page","link":"https:\/\/osowski-violins.com\/pl\/impressum\/","title":{"rendered":"Impressum"},"content":{"rendered":"\t\t<div data-elementor-type=\"wp-page\" data-elementor-id=\"12738\" class=\"elementor elementor-12738 elementor-580\" data-elementor-post-type=\"page\">\n\t\t\t\t\t\t<section class=\"elementor-section elementor-top-section elementor-element elementor-element-30f0e4f elementor-section-boxed elementor-section-height-default elementor-section-height-default\" data-id=\"30f0e4f\" data-element_type=\"section\" data-e-type=\"section\">\n\t\t\t\t\t\t<div class=\"elementor-container elementor-column-gap-default\">\n\t\t\t\t\t<div class=\"elementor-column elementor-col-100 elementor-top-column elementor-element elementor-element-6e16d94\" data-id=\"6e16d94\" data-element_type=\"column\" data-e-type=\"column\">\n\t\t\t<div class=\"elementor-widget-wrap elementor-element-populated\">\n\t\t\t\t\t\t<div class=\"elementor-element elementor-element-d24626a elementor-widget elementor-widget-heading\" data-id=\"d24626a\" data-element_type=\"widget\" data-e-type=\"widget\" data-widget_type=\"heading.default\">\n\t\t\t\t<div class=\"elementor-widget-container\">\n\t\t\t\t\t<h2 class=\"elementor-heading-title elementor-size-default\">Impressum<\/h2>\t\t\t\t<\/div>\n\t\t\t\t<\/div>\n\t\t\t\t<div class=\"elementor-element elementor-element-5b748f9 elementor-widget elementor-widget-text-editor\" data-id=\"5b748f9\" data-element_type=\"widget\" data-e-type=\"widget\" data-widget_type=\"text-editor.default\">\n\t\t\t\t<div class=\"elementor-widget-container\">\n\t\t\t\t\t\t\t\t\t<p>Firma Niemcy:<br>Geigenbau Ryszard Osowski<br>Ryszard Osowski<br>Bayreutherstra\u00dfe 9<br>91301 Forchheim<\/p><p>Telefon: +49 160 99552166<br>E-Mail: <a href=\"mailto:info@osowski-violins.com\">info@osowski-violins.com<\/a><\/p><p>Numer identyfikacji podatkowej (Umsatzsteuer-ID):<br>Numer identyfikacyjny zgodnie z \u00a727a niemieckiej ustawy o podatku od towar\u00f3w i us\u0142ug (Umsatzsteuergesetz):<br>DE281408009<\/p><p>Organ nadzoruj\u0105cy:<br>S\u0105d Rejonowy (Amtsgericht) Forchheim<\/p><p>Osoba odpowiedzialna za tre\u015b\u0107 (zgodnie z \u00a7 55 ust. 2 RStV):<br>Dawid Osowski<br>Starokrakowska 90<br>34-400 Nowy Targ<br>Polska<\/p><p>Prawa do zdj\u0119\u0107:<br>Dawid Osowski<br>Starokrakowska 90<br>34-400 Nowy Targ<br>Polska<\/p>\t\t\t\t\t\t\t\t<\/div>\n\t\t\t\t<\/div>\n\t\t\t\t<div class=\"elementor-element elementor-element-1f1d391 elementor-widget elementor-widget-text-editor\" data-id=\"1f1d391\" data-element_type=\"widget\" data-e-type=\"widget\" data-widget_type=\"text-editor.default\">\n\t\t\t\t<div class=\"elementor-widget-container\">\n\t\t\t\t\t\t\t\t\t<p>Firma Polska:<br>Dawid Osowski<br>Zadzia\u0142 5a<br>34-400 Nowy Targ<\/p><p>Telefon: +48 886 053 009<br>E-Mail: <a href=\"mailto:info@osowski-violins.com\">info@osowski-violins.com<\/a><\/p><p>Numer identyfikacji podatkowej (NIP):<br>PL7352922624<\/p>\t\t\t\t\t\t\t\t<\/div>\n\t\t\t\t<\/div>\n\t\t\t\t<div class=\"elementor-element elementor-element-b77ccdf elementor-widget elementor-widget-heading\" data-id=\"b77ccdf\" data-element_type=\"widget\" data-e-type=\"widget\" data-widget_type=\"heading.default\">\n\t\t\t\t<div class=\"elementor-widget-container\">\n\t\t\t\t\t<h2 class=\"elementor-heading-title elementor-size-default\">Zastrze\u017cenia prawne (Disclaimer)<\/h2>\t\t\t\t<\/div>\n\t\t\t\t<\/div>\n\t\t\t\t<div class=\"elementor-element elementor-element-42d0f4e elementor-widget elementor-widget-text-editor\" data-id=\"42d0f4e\" data-element_type=\"widget\" data-e-type=\"widget\" data-widget_type=\"text-editor.default\">\n\t\t\t\t<div class=\"elementor-widget-container\">\n\t\t\t\t\t\t\t\t\t<p>\u00a7 1. Zastrze\u017cenie dotycz\u0105ce tre\u015bci<br>Bezp\u0142atne i og\u00f3lnodost\u0119pne tre\u015bci tej strony internetowej zosta\u0142y przygotowane z najwy\u017csz\u0105 staranno\u015bci\u0105.<br>Operator strony nie ponosi jednak \u017cadnej odpowiedzialno\u015bci za poprawno\u015b\u0107 ani aktualno\u015b\u0107 zamieszczonych materia\u0142\u00f3w, artyku\u0142\u00f3w czy informacji.<br>Artyku\u0142y podpisane imieniem i nazwiskiem wyra\u017caj\u0105 pogl\u0105dy ich autor\u00f3w i nie zawsze odzwierciedlaj\u0105 stanowisko operatora strony.<br>Samo korzystanie z bezp\u0142atnych tre\u015bci nie stanowi \u017cadnego stosunku umownego pomi\u0119dzy u\u017cytkownikiem a operatorem strony \u2013 brak jest tym samym zamiaru prawnego zwi\u0105zania stron.   <\/p><p>\u00a7 2. Linki zewn\u0119trzne<br>Niniejsza strona internetowa mo\u017ce zawiera\u0107 odno\u015bniki do stron internetowych os\u00f3b trzecich (\u201elinki zewn\u0119trzne\u201d).<br>Za tre\u015b\u0107 tych stron odpowiadaj\u0105 wy\u0142\u0105cznie ich operatorzy.<br>W momencie pierwszego umieszczenia odno\u015bnik\u00f3w strony te zosta\u0142y sprawdzone pod k\u0105tem ewentualnych narusze\u0144 prawa \u2013 w\u00f3wczas nie stwierdzono \u017cadnych nieprawid\u0142owo\u015bci.<br>Operator nie ma wp\u0142ywu na aktualny i przysz\u0142y wygl\u0105d oraz zawarto\u015b\u0107 stron, do kt\u00f3rych prowadz\u0105 linki.<br>Umieszczenie link\u00f3w zewn\u0119trznych nie oznacza, \u017ce operator uto\u017csamia si\u0119 z ich tre\u015bci\u0105.<br>Sta\u0142e monitorowanie tre\u015bci stron zewn\u0119trznych jest nieuzasadnione bez konkretnych podstaw prawnych.<br>W przypadku uzyskania informacji o naruszeniach prawa takie linki zostan\u0105 niezw\u0142ocznie usuni\u0119te.       <\/p><p>\u00a7 3. Prawa autorskie i prawa pokrewne<br>Tre\u015bci opublikowane na tej stronie internetowej podlegaj\u0105 niemieckiemu prawu autorskiemu i prawom pokrewnym.<br>Jakiekolwiek wykorzystanie tych tre\u015bci, kt\u00f3re nie jest dozwolone przez przepisy prawa niemieckiego, wymaga uprzedniej pisemnej zgody operatora strony lub odpowiedniego w\u0142a\u015bciciela praw autorskich.<br>Dotyczy to w szczeg\u00f3lno\u015bci powielania, opracowywania, t\u0142umaczenia, zapisywania, przetwarzania lub odtwarzania tre\u015bci w bazach danych lub innych elektronicznych systemach i mediach.<br>Tre\u015bci pochodz\u0105ce od os\u00f3b trzecich s\u0105 odpowiednio oznaczone.<br>Nieautoryzowane kopiowanie lub przekazywanie ca\u0142o\u015bci lub cz\u0119\u015bci tre\u015bci jest zabronione i mo\u017ce podlega\u0107 karze.<br>Dozwolone jest jedynie tworzenie kopii i pobieranie tre\u015bci do u\u017cytku osobistego, prywatnego i niekomercyjnego.     <\/p><p>Prezentowanie tej strony w zewn\u0119trznych ramkach (frames) jest dozwolone wy\u0142\u0105cznie po uzyskaniu pisemnej zgody.<\/p><p>\u00a7 4. Szczeg\u00f3lne warunki u\u017cytkowania<br>Je\u015bli w okre\u015blonych miejscach tej strony zostan\u0105 podane specjalne warunki u\u017cytkowania, kt\u00f3re odbiegaj\u0105 od powy\u017cszych paragraf\u00f3w, zostanie to wyra\u017anie zaznaczone.<br>W takich przypadkach obowi\u0105zuj\u0105 odpowiednie szczeg\u00f3lne warunki u\u017cytkowania. <\/p>\t\t\t\t\t\t\t\t<\/div>\n\t\t\t\t<\/div>\n\t\t\t\t\t<\/div>\n\t\t<\/div>\n\t\t\t\t\t<\/div>\n\t\t<\/section>\n\t\t\t\t<\/div>\n\t\t","protected":false},"excerpt":{"rendered":"<p>Impressum Firma Niemcy:Geigenbau Ryszard OsowskiRyszard OsowskiBayreutherstra\u00dfe 991301 Forchheim Telefon: +49 160 99552166E-Mail: info@osowski-violins.com Numer identyfikacji podatkowej (Umsatzsteuer-ID):Numer identyfikacyjny zgodnie z \u00a727a niemieckiej ustawy o podatku od towar\u00f3w i us\u0142ug (Umsatzsteuergesetz):DE281408009 Organ nadzoruj\u0105cy:S\u0105d Rejonowy (Amtsgericht) Forchheim Osoba odpowiedzialna za tre\u015b\u0107 (zgodnie z \u00a7 55 ust. 2 RStV):Dawid OsowskiStarokrakowska 9034-400 Nowy TargPolska Prawa do zdj\u0119\u0107:Dawid OsowskiStarokrakowska 9034-400 [&hellip;]<\/p>\n","protected":false},"author":1,"featured_media":0,"parent":0,"menu_order":0,"comment_status":"closed","ping_status":"closed","template":"elementor_header_footer","meta":{"inline_featured_image":false,"site-sidebar-layout":"default","site-content-layout":"default","ast-site-content-layout":"default","site-content-style":"default","site-sidebar-style":"default","ast-global-header-display":"","ast-banner-title-visibility":"","ast-main-header-display":"","ast-hfb-above-header-display":"","ast-hfb-below-header-display":"","ast-hfb-mobile-header-display":"","site-post-title":"","ast-breadcrumbs-content":"","ast-featured-img":"","footer-sml-layout":"","ast-disable-related-posts":"","theme-transparent-header-meta":"default","adv-header-id-meta":"","stick-header-meta":"","header-above-stick-meta":"","header-main-stick-meta":"","header-below-stick-meta":"","astra-migrate-meta-layouts":"default","ast-page-background-enabled":"default","ast-page-background-meta":{"desktop":{"background-color":"","background-image":"","background-repeat":"repeat","background-position":"center center","background-size":"auto","background-attachment":"scroll","background-type":"","background-media":"","overlay-type":"","overlay-color":"","overlay-opacity":"","overlay-gradient":""},"tablet":{"background-color":"","background-image":"","background-repeat":"repeat","background-position":"center center","background-size":"auto","background-attachment":"scroll","background-type":"","background-media":"","overlay-type":"","overlay-color":"","overlay-opacity":"","overlay-gradient":""},"mobile":{"background-color":"","background-image":"","background-repeat":"repeat","background-position":"center center","background-size":"auto","background-attachment":"scroll","background-type":"","background-media":"","overlay-type":"","overlay-color":"","overlay-opacity":"","overlay-gradient":""}},"ast-content-background-meta":{"desktop":{"background-color":"var(--ast-global-color-5)","background-image":"","background-repeat":"repeat","background-position":"center center","background-size":"auto","background-attachment":"scroll","background-type":"","background-media":"","overlay-type":"","overlay-color":"","overlay-opacity":"","overlay-gradient":""},"tablet":{"background-color":"var(--ast-global-color-5)","background-image":"","background-repeat":"repeat","background-position":"center center","background-size":"auto","background-attachment":"scroll","background-type":"","background-media":"","overlay-type":"","overlay-color":"","overlay-opacity":"","overlay-gradient":""},"mobile":{"background-color":"var(--ast-global-color-5)","background-image":"","background-repeat":"repeat","background-position":"center center","background-size":"auto","background-attachment":"scroll","background-type":"","background-media":"","overlay-type":"","overlay-color":"","overlay-opacity":"","overlay-gradient":""}},"footnotes":""},"class_list":["post-12738","page","type-page","status-publish","hentry"],"jetpack_sharing_enabled":true,"_links":{"self":[{"href":"https:\/\/osowski-violins.com\/pl\/wp-json\/wp\/v2\/pages\/12738","targetHints":{"allow":["GET"]}}],"collection":[{"href":"https:\/\/osowski-violins.com\/pl\/wp-json\/wp\/v2\/pages"}],"about":[{"href":"https:\/\/osowski-violins.com\/pl\/wp-json\/wp\/v2\/types\/page"}],"author":[{"embeddable":true,"href":"https:\/\/osowski-violins.com\/pl\/wp-json\/wp\/v2\/users\/1"}],"replies":[{"embeddable":true,"href":"https:\/\/osowski-violins.com\/pl\/wp-json\/wp\/v2\/comments?post=12738"}],"version-history":[{"count":1,"href":"https:\/\/osowski-violins.com\/pl\/wp-json\/wp\/v2\/pages\/12738\/revisions"}],"predecessor-version":[{"id":12739,"href":"https:\/\/osowski-violins.com\/pl\/wp-json\/wp\/v2\/pages\/12738\/revisions\/12739"}],"wp:attachment":[{"href":"https:\/\/osowski-violins.com\/pl\/wp-json\/wp\/v2\/media?parent=12738"}],"curies":[{"name":"wp","href":"https:\/\/api.w.org\/{rel}","templated":true}]}}